
{"id":914,"date":"2017-01-25T18:29:47","date_gmt":"2017-01-25T17:29:47","guid":{"rendered":"https:\/\/grottesdevallorbe.ch\/itineraire\/"},"modified":"2025-02-13T16:07:37","modified_gmt":"2025-02-13T15:07:37","slug":"itineraire","status":"publish","type":"page","link":"https:\/\/grottesdevallorbe.ch\/de\/itineraire\/","title":{"rendered":"Wie kommt man zur Grotte von Vallorbe?"},"content":{"rendered":"\t\t<div data-elementor-type=\"wp-page\" data-elementor-id=\"914\" class=\"elementor elementor-914 elementor-811\">\n\t\t\t\t\t\t<section class=\"elementor-section elementor-top-section elementor-element elementor-element-40ae2b2 elementor-section-boxed elementor-section-height-default elementor-section-height-default\" data-id=\"40ae2b2\" data-element_type=\"section\">\n\t\t\t\t\t\t<div class=\"elementor-container elementor-column-gap-default\">\n\t\t\t\t\t<div class=\"elementor-column elementor-col-100 elementor-top-column elementor-element elementor-element-f8232cc\" data-id=\"f8232cc\" data-element_type=\"column\">\n\t\t\t<div class=\"elementor-widget-wrap elementor-element-populated\">\n\t\t\t\t\t\t<div class=\"elementor-element elementor-element-8822cd9 elementor-widget elementor-widget-text-editor\" data-id=\"8822cd9\" data-element_type=\"widget\" data-widget_type=\"text-editor.default\">\n\t\t\t\t<div class=\"elementor-widget-container\">\n\t\t\t\t\t\t\t\t\t<p class=\"p1\">Wir befinden uns in der franz\u00f6sischsprachigen Schweiz, nahe der franz\u00f6sischen Grenze. Die St\u00e4tte befindet sich in der Gemeinde Vallorbe am Fu\u00df eines Karstgebirges.<\/p><p class=\"p1\">Um die Grotten von Vallorbe mit \u00f6ffentlichen Verkehrsmitteln zu erreichen, gibt es drei M\u00f6glichkeiten:<\/p><ol class=\"ol1\"><li class=\"li1\"><b>Zug + Bus<\/b>: Nehmen Sie den Zug bis zum GARE DU DAY und dann den Bus 685 bis zur Bushaltestelle \u201eVallorbe, Grottes\u201c.<\/li><li class=\"li1\"><b>Bus + Bus<\/b>: Nehmen Sie den Bus 613 von der GARE D\u2019YVERDON-LES-BAINS bis zur Bushaltestelle \u201eVallorbe, Poste\u201c, dann den Bus 685 bis zur Bushaltestelle \u201eVallorbe, Grottes\u201c.<\/li><li class=\"li1\"><b>Zug + zu Fu\u00df<\/b>: Nehmen Sie den Zug bis zur GARE DE VALLORBE und gehen Sie dann 2,7 km etwa 45 Minuten bis zum Parkplatz der Grotten von Vallorbe.<\/li><\/ol>\t\t\t\t\t\t\t\t<\/div>\n\t\t\t\t<\/div>\n\t\t\t\t<div class=\"elementor-element elementor-element-84eb622 elementor-widget elementor-widget-image\" data-id=\"84eb622\" data-element_type=\"widget\" data-widget_type=\"image.default\">\n\t\t\t\t<div class=\"elementor-widget-container\">\n\t\t\t\t\t\t\t\t\t\t\t\t\t\t\t<img fetchpriority=\"high\" decoding=\"async\" width=\"1024\" height=\"356\" src=\"https:\/\/grottesdevallorbe.ch\/wp-content\/uploads\/2025\/02\/3-1024x356.png\" class=\"attachment-large size-large wp-image-3723\" alt=\"\" srcset=\"https:\/\/grottesdevallorbe.ch\/wp-content\/uploads\/2025\/02\/3-1024x356.png 1024w, https:\/\/grottesdevallorbe.ch\/wp-content\/uploads\/2025\/02\/3-300x104.png 300w, https:\/\/grottesdevallorbe.ch\/wp-content\/uploads\/2025\/02\/3-768x267.png 768w, https:\/\/grottesdevallorbe.ch\/wp-content\/uploads\/2025\/02\/3-1536x535.png 1536w, https:\/\/grottesdevallorbe.ch\/wp-content\/uploads\/2025\/02\/3.png 2000w\" sizes=\"(max-width: 1024px) 100vw, 1024px\" \/>\t\t\t\t\t\t\t\t\t\t\t\t\t\t\t<\/div>\n\t\t\t\t<\/div>\n\t\t\t\t\t<\/div>\n\t\t<\/div>\n\t\t\t\t\t<\/div>\n\t\t<\/section>\n\t\t\t\t<section class=\"elementor-section elementor-top-section elementor-element elementor-element-5f08c10 elementor-section-full_width elementor-section-height-default elementor-section-height-default\" data-id=\"5f08c10\" data-element_type=\"section\">\n\t\t\t\t\t\t<div class=\"elementor-container elementor-column-gap-default\">\n\t\t\t\t\t<div class=\"elementor-column elementor-col-100 elementor-top-column elementor-element elementor-element-ee92f4f\" data-id=\"ee92f4f\" data-element_type=\"column\">\n\t\t\t<div class=\"elementor-widget-wrap elementor-element-populated\">\n\t\t\t\t\t\t<div class=\"elementor-element elementor-element-14d996b elementor-widget elementor-widget-image\" data-id=\"14d996b\" data-element_type=\"widget\" data-widget_type=\"image.default\">\n\t\t\t\t<div class=\"elementor-widget-container\">\n\t\t\t\t\t\t\t\t\t\t\t\t\t\t\t<img decoding=\"async\" width=\"2456\" height=\"1796\" src=\"https:\/\/grottesdevallorbe.ch\/wp-content\/uploads\/2025\/02\/Capture-decran-2025-02-13-a-15.37.28.png\" class=\"attachment-full size-full wp-image-3708\" alt=\"\" srcset=\"https:\/\/grottesdevallorbe.ch\/wp-content\/uploads\/2025\/02\/Capture-decran-2025-02-13-a-15.37.28.png 2456w, https:\/\/grottesdevallorbe.ch\/wp-content\/uploads\/2025\/02\/Capture-decran-2025-02-13-a-15.37.28-300x219.png 300w, https:\/\/grottesdevallorbe.ch\/wp-content\/uploads\/2025\/02\/Capture-decran-2025-02-13-a-15.37.28-1024x749.png 1024w, https:\/\/grottesdevallorbe.ch\/wp-content\/uploads\/2025\/02\/Capture-decran-2025-02-13-a-15.37.28-768x562.png 768w, https:\/\/grottesdevallorbe.ch\/wp-content\/uploads\/2025\/02\/Capture-decran-2025-02-13-a-15.37.28-1536x1123.png 1536w, https:\/\/grottesdevallorbe.ch\/wp-content\/uploads\/2025\/02\/Capture-decran-2025-02-13-a-15.37.28-2048x1498.png 2048w\" sizes=\"(max-width: 2456px) 100vw, 2456px\" \/>\t\t\t\t\t\t\t\t\t\t\t\t\t\t\t<\/div>\n\t\t\t\t<\/div>\n\t\t\t\t<section class=\"elementor-section elementor-inner-section elementor-element elementor-element-5c363e5 elementor-section-boxed elementor-section-height-default elementor-section-height-default\" data-id=\"5c363e5\" data-element_type=\"section\">\n\t\t\t\t\t\t<div class=\"elementor-container elementor-column-gap-default\">\n\t\t\t\t\t<div class=\"elementor-column elementor-col-100 elementor-inner-column elementor-element elementor-element-447314d\" data-id=\"447314d\" data-element_type=\"column\">\n\t\t\t<div class=\"elementor-widget-wrap elementor-element-populated\">\n\t\t\t\t\t\t<div class=\"elementor-element elementor-element-43b27b0 elementor-position-left elementor-view-default elementor-mobile-position-top elementor-vertical-align-top elementor-widget elementor-widget-icon-box\" data-id=\"43b27b0\" data-element_type=\"widget\" data-widget_type=\"icon-box.default\">\n\t\t\t\t<div class=\"elementor-widget-container\">\n\t\t\t\t\t\t\t<div class=\"elementor-icon-box-wrapper\">\n\n\t\t\t\t\t\t<div class=\"elementor-icon-box-icon\">\n\t\t\t\t<span  class=\"elementor-icon\">\n\t\t\t\t<i aria-hidden=\"true\" class=\"fas fa-bus\"><\/i>\t\t\t\t<\/span>\n\t\t\t<\/div>\n\t\t\t\n\t\t\t\t\t\t<div class=\"elementor-icon-box-content\">\n\n\t\t\t\t\t\t\t\t\t<h2 class=\"elementor-icon-box-title\">\n\t\t\t\t\t\t<span  >\n\t\t\t\t\t\t\tBuslinie 685\t\t\t\t\t\t<\/span>\n\t\t\t\t\t<\/h2>\n\t\t\t\t\n\t\t\t\t\n\t\t\t<\/div>\n\t\t\t\n\t\t<\/div>\n\t\t\t\t\t\t<\/div>\n\t\t\t\t<\/div>\n\t\t\t\t<div class=\"elementor-element elementor-element-1a9cc33 elementor-widget elementor-widget-heading\" data-id=\"1a9cc33\" data-element_type=\"widget\" data-widget_type=\"heading.default\">\n\t\t\t\t<div class=\"elementor-widget-container\">\n\t\t\t\t\t<h2 class=\"elementor-heading-title elementor-size-default\">Grottes de Vallorbe\u00a0\u2194 Le Day  \u2194  Arnex gare<\/h2>\t\t\t\t<\/div>\n\t\t\t\t<\/div>\n\t\t\t\t\t<\/div>\n\t\t<\/div>\n\t\t\t\t\t<\/div>\n\t\t<\/section>\n\t\t\t\t<section class=\"elementor-section elementor-inner-section elementor-element elementor-element-4d9f0ae elementor-section-boxed elementor-section-height-default elementor-section-height-default\" data-id=\"4d9f0ae\" data-element_type=\"section\">\n\t\t\t\t\t\t<div class=\"elementor-container elementor-column-gap-wider\">\n\t\t\t\t\t<div class=\"elementor-column elementor-col-50 elementor-inner-column elementor-element elementor-element-a9b53bc\" data-id=\"a9b53bc\" data-element_type=\"column\">\n\t\t\t<div class=\"elementor-widget-wrap elementor-element-populated\">\n\t\t\t\t\t\t<div class=\"elementor-element elementor-element-294151c elementor-widget elementor-widget-text-editor\" data-id=\"294151c\" data-element_type=\"widget\" data-widget_type=\"text-editor.default\">\n\t\t\t\t<div class=\"elementor-widget-container\">\n\t\t\t\t\t\t\t\t\t<p><strong>Der Bus 685<\/strong>\u00a0bringt Sie vom Bahnhof Le Day zu den Grotten von Vallorbe.<\/p><p class=\"p1\">Abfahrt <b>alle<\/b> <b>Std. : 16 Minuten<\/b> <b>vom Bahnhof Le Day<\/b> bis zu den Grotten von Vallorbe und <b>alle<\/b> <b>Std. : 29 Minuten<\/b> <b>von den Grotten von Vallorbe<\/b> bis zum Bahnhof von Le Day.<\/p>\t\t\t\t\t\t\t\t<\/div>\n\t\t\t\t<\/div>\n\t\t\t\t<div class=\"elementor-element elementor-element-cc62c1d elementor-widget elementor-widget-image\" data-id=\"cc62c1d\" data-element_type=\"widget\" data-widget_type=\"image.default\">\n\t\t\t\t<div class=\"elementor-widget-container\">\n\t\t\t\t\t\t\t\t\t\t\t\t\t\t\t\t<a href=\"https:\/\/www.travys.ch\" target=\"_blank\">\n\t\t\t\t\t\t\t<img decoding=\"async\" width=\"1022\" height=\"331\" src=\"https:\/\/grottesdevallorbe.ch\/wp-content\/uploads\/2022\/08\/TRAVYS_logo_sans_ombre.png\" class=\"attachment-full size-full wp-image-2643\" alt=\"\" srcset=\"https:\/\/grottesdevallorbe.ch\/wp-content\/uploads\/2022\/08\/TRAVYS_logo_sans_ombre.png 1022w, https:\/\/grottesdevallorbe.ch\/wp-content\/uploads\/2022\/08\/TRAVYS_logo_sans_ombre-300x97.png 300w, https:\/\/grottesdevallorbe.ch\/wp-content\/uploads\/2022\/08\/TRAVYS_logo_sans_ombre-768x249.png 768w\" sizes=\"(max-width: 1022px) 100vw, 1022px\" \/>\t\t\t\t\t\t\t\t<\/a>\n\t\t\t\t\t\t\t\t\t\t\t\t\t\t\t<\/div>\n\t\t\t\t<\/div>\n\t\t\t\t\t<\/div>\n\t\t<\/div>\n\t\t\t\t<div class=\"elementor-column elementor-col-50 elementor-inner-column elementor-element elementor-element-956e994\" data-id=\"956e994\" data-element_type=\"column\">\n\t\t\t<div class=\"elementor-widget-wrap elementor-element-populated\">\n\t\t\t\t\t\t<div class=\"elementor-element elementor-element-3880a43 elementor-widget elementor-widget-text-editor\" data-id=\"3880a43\" data-element_type=\"widget\" data-widget_type=\"text-editor.default\">\n\t\t\t\t<div class=\"elementor-widget-container\">\n\t\t\t\t\t\t\t\t\t<p class=\"p1\">F\u00fcr Fahrpl\u00e4ne und Ticketverkauf wenden Sie sich bitte an die Travys-Verkaufstelle oder direkt online <span style=\"text-decoration: underline;\"><a href=\"https:\/\/www.sbb.ch\/de\" target=\"_blank\" rel=\"noopener\">www.sbb.ch<\/a><\/span><\/p>\t\t\t\t\t\t\t\t<\/div>\n\t\t\t\t<\/div>\n\t\t\t\t<div class=\"elementor-element elementor-element-9455aec elementor-align-center elementor-widget elementor-widget-button\" data-id=\"9455aec\" data-element_type=\"widget\" data-widget_type=\"button.default\">\n\t\t\t\t<div class=\"elementor-widget-container\">\n\t\t\t\t\t\t\t\t\t<div class=\"elementor-button-wrapper\">\n\t\t\t\t\t<a class=\"elementor-button elementor-button-link elementor-size-sm\" href=\"https:\/\/www.travys.ch\/\" target=\"_blank\">\n\t\t\t\t\t\t<span class=\"elementor-button-content-wrapper\">\n\t\t\t\t\t\t\t\t\t<span class=\"elementor-button-text\">BUSFAHRKARTEN KAUFEN<\/span>\n\t\t\t\t\t<\/span>\n\t\t\t\t\t<\/a>\n\t\t\t\t<\/div>\n\t\t\t\t\t\t\t\t<\/div>\n\t\t\t\t<\/div>\n\t\t\t\t\t<\/div>\n\t\t<\/div>\n\t\t\t\t\t<\/div>\n\t\t<\/section>\n\t\t\t\t\t<\/div>\n\t\t<\/div>\n\t\t\t\t\t<\/div>\n\t\t<\/section>\n\t\t\t\t<\/div>\n\t\t","protected":false},"excerpt":{"rendered":"<p>Wir befinden uns in der franz\u00f6sischsprachigen Schweiz, nahe der franz\u00f6sischen Grenze. Die St\u00e4tte befindet sich in der Gemeinde Vallorbe am Fu\u00df eines Karstgebirges. Um die Grotten von Vallorbe mit \u00f6ffentlichen Verkehrsmitteln zu erreichen, gibt es drei M\u00f6glichkeiten: Zug + Bus: Nehmen Sie den Zug bis zum GARE DU DAY und dann den Bus 685 bis<a class=\"excerpt-read-more\" href=\"https:\/\/grottesdevallorbe.ch\/de\/itineraire\/\" title=\"ReadWie kommt man zur Grotte von Vallorbe?\">&#8230; Read more &raquo;<\/a><\/p>\n","protected":false},"author":1,"featured_media":0,"parent":0,"menu_order":0,"comment_status":"closed","ping_status":"closed","template":"page_itineraire.php","meta":{"_acf_changed":false,"footnotes":""},"class_list":["post-914","page","type-page","status-publish","hentry"],"acf":[],"yoast_head":"<!-- This site is optimized with the Yoast SEO plugin v24.4 - https:\/\/yoast.com\/wordpress\/plugins\/seo\/ -->\n<title>Wie kommt man zur Grotte von Vallorbe? - Les Grottes de Vallorbe<\/title>\n<meta name=\"robots\" content=\"index, follow, max-snippet:-1, max-image-preview:large, max-video-preview:-1\" \/>\n<link rel=\"canonical\" href=\"https:\/\/grottesdevallorbe.ch\/de\/itineraire\/\" \/>\n<meta property=\"og:locale\" content=\"de_DE\" \/>\n<meta property=\"og:type\" content=\"article\" \/>\n<meta property=\"og:title\" content=\"Wie kommt man zur Grotte von Vallorbe? - Les Grottes de Vallorbe\" \/>\n<meta property=\"og:description\" content=\"Wir befinden uns in der franz\u00f6sischsprachigen Schweiz, nahe der franz\u00f6sischen Grenze. Die St\u00e4tte befindet sich in der Gemeinde Vallorbe am Fu\u00df eines Karstgebirges. Um die Grotten von Vallorbe mit \u00f6ffentlichen Verkehrsmitteln zu erreichen, gibt es drei M\u00f6glichkeiten: Zug + Bus: Nehmen Sie den Zug bis zum GARE DU DAY und dann den Bus 685 bis... Read more &raquo;\" \/>\n<meta property=\"og:url\" content=\"https:\/\/grottesdevallorbe.ch\/de\/itineraire\/\" \/>\n<meta property=\"og:site_name\" content=\"Les Grottes de Vallorbe\" \/>\n<meta property=\"article:modified_time\" content=\"2025-02-13T15:07:37+00:00\" \/>\n<meta property=\"og:image\" content=\"https:\/\/grottesdevallorbe.ch\/wp-content\/uploads\/2025\/02\/3-1024x356.png\" \/>\n<meta name=\"twitter:card\" content=\"summary_large_image\" \/>\n<meta name=\"twitter:label1\" content=\"Gesch\u00e4tzte Lesezeit\" \/>\n\t<meta name=\"twitter:data1\" content=\"2\u00a0Minuten\" \/>\n<script type=\"application\/ld+json\" class=\"yoast-schema-graph\">{\"@context\":\"https:\/\/schema.org\",\"@graph\":[{\"@type\":\"WebPage\",\"@id\":\"https:\/\/grottesdevallorbe.ch\/de\/itineraire\/\",\"url\":\"https:\/\/grottesdevallorbe.ch\/de\/itineraire\/\",\"name\":\"Wie kommt man zur Grotte von Vallorbe? - Les Grottes de Vallorbe\",\"isPartOf\":{\"@id\":\"https:\/\/grottesdevallorbe.ch\/#website\"},\"primaryImageOfPage\":{\"@id\":\"https:\/\/grottesdevallorbe.ch\/de\/itineraire\/#primaryimage\"},\"image\":{\"@id\":\"https:\/\/grottesdevallorbe.ch\/de\/itineraire\/#primaryimage\"},\"thumbnailUrl\":\"https:\/\/grottesdevallorbe.ch\/wp-content\/uploads\/2025\/02\/3-1024x356.png\",\"datePublished\":\"2017-01-25T17:29:47+00:00\",\"dateModified\":\"2025-02-13T15:07:37+00:00\",\"breadcrumb\":{\"@id\":\"https:\/\/grottesdevallorbe.ch\/de\/itineraire\/#breadcrumb\"},\"inLanguage\":\"de\",\"potentialAction\":[{\"@type\":\"ReadAction\",\"target\":[\"https:\/\/grottesdevallorbe.ch\/de\/itineraire\/\"]}]},{\"@type\":\"ImageObject\",\"inLanguage\":\"de\",\"@id\":\"https:\/\/grottesdevallorbe.ch\/de\/itineraire\/#primaryimage\",\"url\":\"https:\/\/grottesdevallorbe.ch\/wp-content\/uploads\/2025\/02\/3-1024x356.png\",\"contentUrl\":\"https:\/\/grottesdevallorbe.ch\/wp-content\/uploads\/2025\/02\/3-1024x356.png\"},{\"@type\":\"BreadcrumbList\",\"@id\":\"https:\/\/grottesdevallorbe.ch\/de\/itineraire\/#breadcrumb\",\"itemListElement\":[{\"@type\":\"ListItem\",\"position\":1,\"name\":\"Accueil\",\"item\":\"https:\/\/grottesdevallorbe.ch\/de\/\"},{\"@type\":\"ListItem\",\"position\":2,\"name\":\"Wie kommt man zur Grotte von Vallorbe?\"}]},{\"@type\":\"WebSite\",\"@id\":\"https:\/\/grottesdevallorbe.ch\/#website\",\"url\":\"https:\/\/grottesdevallorbe.ch\/\",\"name\":\"Les Grottes de Vallorbe\",\"description\":\"les plus belles grottes du Jura vaudois\",\"potentialAction\":[{\"@type\":\"SearchAction\",\"target\":{\"@type\":\"EntryPoint\",\"urlTemplate\":\"https:\/\/grottesdevallorbe.ch\/?s={search_term_string}\"},\"query-input\":{\"@type\":\"PropertyValueSpecification\",\"valueRequired\":true,\"valueName\":\"search_term_string\"}}],\"inLanguage\":\"de\"}]}<\/script>\n<!-- \/ Yoast SEO plugin. -->","yoast_head_json":{"title":"Wie kommt man zur Grotte von Vallorbe? - Les Grottes de Vallorbe","robots":{"index":"index","follow":"follow","max-snippet":"max-snippet:-1","max-image-preview":"max-image-preview:large","max-video-preview":"max-video-preview:-1"},"canonical":"https:\/\/grottesdevallorbe.ch\/de\/itineraire\/","og_locale":"de_DE","og_type":"article","og_title":"Wie kommt man zur Grotte von Vallorbe? - Les Grottes de Vallorbe","og_description":"Wir befinden uns in der franz\u00f6sischsprachigen Schweiz, nahe der franz\u00f6sischen Grenze. Die St\u00e4tte befindet sich in der Gemeinde Vallorbe am Fu\u00df eines Karstgebirges. Um die Grotten von Vallorbe mit \u00f6ffentlichen Verkehrsmitteln zu erreichen, gibt es drei M\u00f6glichkeiten: Zug + Bus: Nehmen Sie den Zug bis zum GARE DU DAY und dann den Bus 685 bis... Read more &raquo;","og_url":"https:\/\/grottesdevallorbe.ch\/de\/itineraire\/","og_site_name":"Les Grottes de Vallorbe","article_modified_time":"2025-02-13T15:07:37+00:00","og_image":[{"url":"https:\/\/grottesdevallorbe.ch\/wp-content\/uploads\/2025\/02\/3-1024x356.png","type":"","width":"","height":""}],"twitter_card":"summary_large_image","twitter_misc":{"Gesch\u00e4tzte Lesezeit":"2\u00a0Minuten"},"schema":{"@context":"https:\/\/schema.org","@graph":[{"@type":"WebPage","@id":"https:\/\/grottesdevallorbe.ch\/de\/itineraire\/","url":"https:\/\/grottesdevallorbe.ch\/de\/itineraire\/","name":"Wie kommt man zur Grotte von Vallorbe? - Les Grottes de Vallorbe","isPartOf":{"@id":"https:\/\/grottesdevallorbe.ch\/#website"},"primaryImageOfPage":{"@id":"https:\/\/grottesdevallorbe.ch\/de\/itineraire\/#primaryimage"},"image":{"@id":"https:\/\/grottesdevallorbe.ch\/de\/itineraire\/#primaryimage"},"thumbnailUrl":"https:\/\/grottesdevallorbe.ch\/wp-content\/uploads\/2025\/02\/3-1024x356.png","datePublished":"2017-01-25T17:29:47+00:00","dateModified":"2025-02-13T15:07:37+00:00","breadcrumb":{"@id":"https:\/\/grottesdevallorbe.ch\/de\/itineraire\/#breadcrumb"},"inLanguage":"de","potentialAction":[{"@type":"ReadAction","target":["https:\/\/grottesdevallorbe.ch\/de\/itineraire\/"]}]},{"@type":"ImageObject","inLanguage":"de","@id":"https:\/\/grottesdevallorbe.ch\/de\/itineraire\/#primaryimage","url":"https:\/\/grottesdevallorbe.ch\/wp-content\/uploads\/2025\/02\/3-1024x356.png","contentUrl":"https:\/\/grottesdevallorbe.ch\/wp-content\/uploads\/2025\/02\/3-1024x356.png"},{"@type":"BreadcrumbList","@id":"https:\/\/grottesdevallorbe.ch\/de\/itineraire\/#breadcrumb","itemListElement":[{"@type":"ListItem","position":1,"name":"Accueil","item":"https:\/\/grottesdevallorbe.ch\/de\/"},{"@type":"ListItem","position":2,"name":"Wie kommt man zur Grotte von Vallorbe?"}]},{"@type":"WebSite","@id":"https:\/\/grottesdevallorbe.ch\/#website","url":"https:\/\/grottesdevallorbe.ch\/","name":"Les Grottes de Vallorbe","description":"les plus belles grottes du Jura vaudois","potentialAction":[{"@type":"SearchAction","target":{"@type":"EntryPoint","urlTemplate":"https:\/\/grottesdevallorbe.ch\/?s={search_term_string}"},"query-input":{"@type":"PropertyValueSpecification","valueRequired":true,"valueName":"search_term_string"}}],"inLanguage":"de"}]}},"_links":{"self":[{"href":"https:\/\/grottesdevallorbe.ch\/de\/wp-json\/wp\/v2\/pages\/914","targetHints":{"allow":["GET"]}}],"collection":[{"href":"https:\/\/grottesdevallorbe.ch\/de\/wp-json\/wp\/v2\/pages"}],"about":[{"href":"https:\/\/grottesdevallorbe.ch\/de\/wp-json\/wp\/v2\/types\/page"}],"author":[{"embeddable":true,"href":"https:\/\/grottesdevallorbe.ch\/de\/wp-json\/wp\/v2\/users\/1"}],"replies":[{"embeddable":true,"href":"https:\/\/grottesdevallorbe.ch\/de\/wp-json\/wp\/v2\/comments?post=914"}],"version-history":[{"count":16,"href":"https:\/\/grottesdevallorbe.ch\/de\/wp-json\/wp\/v2\/pages\/914\/revisions"}],"predecessor-version":[{"id":3731,"href":"https:\/\/grottesdevallorbe.ch\/de\/wp-json\/wp\/v2\/pages\/914\/revisions\/3731"}],"wp:attachment":[{"href":"https:\/\/grottesdevallorbe.ch\/de\/wp-json\/wp\/v2\/media?parent=914"}],"curies":[{"name":"wp","href":"https:\/\/api.w.org\/{rel}","templated":true}]}}